{"id":5911,"date":"2017-11-29T12:45:56","date_gmt":"2017-11-29T11:45:56","guid":{"rendered":"http:\/\/wco.pl\/?page_id=5911"},"modified":"2017-12-28T11:42:48","modified_gmt":"2017-12-28T10:42:48","slug":"flow-cytometry","status":"publish","type":"page","link":"https:\/\/wco.pl\/en\/about-us\/hospital-structure\/laboratories\/flow-cytometry\/","title":{"rendered":"Flow Cytometry"},"content":{"rendered":"<h2>Flow Cytometry<\/h2>\n<p style=\"text-align: justify;\">The FC Unit conducts analyses employing flow cytometry which is the best method to assess immunophenotype (antigenic features) of particular cell populations. FC is an objective and reproducible method for identification and monitoring of:<\/p>\n<ul class='dt-sc-fancy-list  ocean  rounded-arrow'>\n<li>Cancer growth (particularly in the haematopoietic system)<\/li>\n<li>Reactive changes in (w lymphadenopathy, viral infections)<\/li>\n<li>Immunity disorders (primary and secondary)<\/li>\n<li>Effects of immunosuppressive therapy<\/li>\n<li>In diagnosis of infertility and alloimmune-related pregnancy loss.<\/li>\n<\/ul>\n<p style=\"text-align: justify;\">Study material may include peripheral blood samples collected with anticoagulants, bone marrow collected with heparin, body fluids collected on a substrate containing 10% suspension of protein, such as albumin, lymph nodes in saline.<\/p>\n<p>Badania wykonuje si\u0119 od poniedzia\u0142ku do pi\u0105tku w godzinach 7.25-15.00, V pi\u0119tro, wej\u015bcie A, pok\u00f3j 5023.<\/p>\n<p>Tests are taken Monday through Friday from 7:25 a.m. \u2013 3:00 p.m., fifth floor, entrance A, room 5023. For more information on flow cytometry see <a href=\"http:\/\/wco.pl\/co_i_jak_leczymy\/cytometria-przeplywowa\">http:\/\/wco.pl\/co_i_jak_leczymy\/cytometria-przeplywowa<\/a><\/p>\n<h3><\/h3>\n<h3>Headed by<\/h3>\n<p><strong>Aldona Kaczmarek, MD<\/strong><\/p>\n<p>&nbsp;<\/p>\n<h3>Contact details<\/h3>\n<p>Tel. +48 (61) 88 50 676<br \/>\nFax +48 (61) 88 50 596<\/p>\n<p class=\"dt-sc-contact-info\"><i class='fa fa-envelope-o'><\/i>Email : <a href='mailto:aldona.kaczmarek@wco.pl'>aldona.kaczmarek@wco.pl<\/a><\/p>\n","protected":false},"excerpt":{"rendered":"<p>Flow Cytometry The FC Unit conducts analyses employing flow cytometry which is the best method to assess immunophenotype (antigenic features) of particular cell populations. FC is an objective and reproducible&#8230;<\/p>\n","protected":false},"author":1,"featured_media":0,"parent":5666,"menu_order":13,"comment_status":"closed","ping_status":"closed","template":"tpl-feature.php","meta":{"_acf_changed":false,"footnotes":""},"class_list":["post-5911","page","type-page","status-publish","hentry"],"acf":[],"aioseo_notices":[],"_links":{"self":[{"href":"https:\/\/wco.pl\/en\/wp-json\/wp\/v2\/pages\/5911","targetHints":{"allow":["GET"]}}],"collection":[{"href":"https:\/\/wco.pl\/en\/wp-json\/wp\/v2\/pages"}],"about":[{"href":"https:\/\/wco.pl\/en\/wp-json\/wp\/v2\/types\/page"}],"author":[{"embeddable":true,"href":"https:\/\/wco.pl\/en\/wp-json\/wp\/v2\/users\/1"}],"replies":[{"embeddable":true,"href":"https:\/\/wco.pl\/en\/wp-json\/wp\/v2\/comments?post=5911"}],"version-history":[{"count":0,"href":"https:\/\/wco.pl\/en\/wp-json\/wp\/v2\/pages\/5911\/revisions"}],"up":[{"embeddable":true,"href":"https:\/\/wco.pl\/en\/wp-json\/wp\/v2\/pages\/5666"}],"wp:attachment":[{"href":"https:\/\/wco.pl\/en\/wp-json\/wp\/v2\/media?parent=5911"}],"curies":[{"name":"wp","href":"https:\/\/api.w.org\/{rel}","templated":true}]}}