{"id":5620,"date":"2017-11-14T11:16:16","date_gmt":"2017-11-14T10:16:16","guid":{"rendered":"http:\/\/wco.pl\/?page_id=5620"},"modified":"2018-01-03T16:07:39","modified_gmt":"2018-01-03T15:07:39","slug":"research-programmes","status":"publish","type":"page","link":"https:\/\/wco.pl\/en\/about-us\/research-activity\/research-programmes\/","title":{"rendered":"Research programmes"},"content":{"rendered":"<h1>Research activity of the Greater Poland Cancer Centre<\/h1>\n<h2>2014<\/h2>\n<table width=\"100%\" cellspacing=\"0\" cellpadding=\"2\">\n<tbody>\n<tr>\n<td><strong>No.<\/strong><\/td>\n<td><strong>Programme name<\/strong><\/td>\n<td><strong>Investigator<\/strong><\/td>\n<td><strong>Area<\/strong><\/td>\n<td><strong>Financing<\/strong><\/td>\n<\/tr>\n<tr>\n<td>1<\/td>\n<td>&#8220;Impact of fluid collected from the postoperative bed after intraoperative radiation (IORT) of breast tumour on the population of breast cancer cells with a stem phenotype of CD24-\/CD44+ and expression of selected miRNA&#8221;<\/td>\n<td>Karolina Zaleska<\/td>\n<td>Radiobiology Laboratory<\/td>\n<td>\n<p>Preludium 5 UMO-2013\/09\/N\/NZ4\/02844<\/p>\n<p>18.03.2014-17.03.2017<\/td>\n<\/tr>\n<tr>\n<td>2<\/td>\n<td>&#8220;Disorders of metabolic pathways in breast cancer cells in the population of postmenopausal women&#8221;<\/td>\n<td>\u0141ukasz Kwinta<\/td>\n<td>Chemotherapy Department<\/td>\n<td>\n<p>Preludium 5 UMO-2013\/09\/N\/NZ5\/00808<\/p>\n<p>29.05.2014-28.05.2016<\/td>\n<\/tr>\n<tr>\n<td>3<\/td>\n<td>&#8220;Development and implementation of a comprehensive diagnostic algorithm for prevention and personalisation of treatment of HPV-related solid tumours&#8221;<\/td>\n<td>DNA Research Centre, GPCC, Adam Mickiewicz University, Pozna\u0144, Medgenetix<\/td>\n<td>&#8212;&#8212;&#8212;&#8212;&#8212;<\/td>\n<td>\n<p>INNOMED\/I\/7\/NCBR\/2014<\/p>\n<p>9.07.2013-8.07.2018<\/td>\n<\/tr>\n<\/tbody>\n<\/table>\n<p>&nbsp;<\/p>\n<h2>2013<\/h2>\n<table cellspacing=\"0\" cellpadding=\"2\">\n<tbody>\n<tr>\n<td align=\"left\"><strong>No.<\/strong><\/td>\n<td align=\"left\"><strong>Programme name<\/strong><\/td>\n<td align=\"left\"><strong>Investigator<\/strong><\/td>\n<td align=\"left\"><strong>Area<\/strong><\/td>\n<td align=\"left\"><strong>Financing<\/strong><\/td>\n<\/tr>\n<tr>\n<td align=\"left\">1.<\/td>\n<td align=\"left\">\u201eAssessment of diagnostic utility of PET\/CT in head and neck cancers&#8221;<\/td>\n<td align=\"left\">Ewa Majchrzak<\/td>\n<td align=\"left\">Head &amp; Neck Surgery and Oncology Clinic<\/td>\n<td align=\"left\">Own research<\/td>\n<\/tr>\n<tr>\n<td align=\"left\">2.<\/td>\n<td align=\"left\">\u201eDevelopment of a monograph on the utility of ultrasonography in diagnosis and treatment of head and neck cancers&#8221;&#8221;<\/td>\n<td align=\"left\">\u0141ukasz \u0141uczewski<\/td>\n<td align=\"left\">Head &amp; Neck Surgery and Oncology Clinic<\/td>\n<td align=\"left\">Own research<\/td>\n<\/tr>\n<tr>\n<td align=\"left\">3.<\/td>\n<td align=\"left\">\u201eStudy of the impact of fluid collected from the postoperative bed after intraoperative radiation (IORT) of breast tumour on the population of breast cancer cells with a stem phenotype of CD24-\/CD44+ and expression of selected miRNA&#8221;<\/td>\n<td align=\"left\">Dawid Murawa, MD<\/td>\n<td align=\"left\">Oncological and General Surgery Department<\/td>\n<td align=\"left\">Own research<\/td>\n<\/tr>\n<tr>\n<td align=\"left\">4.<\/td>\n<td align=\"left\">\u201eOccurrence and role of active Human Papilloma Virus (HPV) in squamous head and neck cancers&#8221;<\/td>\n<td align=\"left\">Pawe\u0142 Golusi\u0144ski, MD<\/td>\n<td align=\"left\">Head &amp; Neck Surgery and Oncology Clinic<\/td>\n<td align=\"left\">Own research<\/td>\n<\/tr>\n<tr>\n<td align=\"left\">5.<\/td>\n<td align=\"left\">\u201eAssessment of hypoxic intensity and expression of chemoresistance-related genes as prognostic and predictive factors for the response to chemotherapy in cervical cancer patients&#8221;<\/td>\n<td align=\"left\">Tomasz Bajon<\/td>\n<td align=\"left\">Radiotherapy Unit II<\/td>\n<td align=\"left\">Own research<\/td>\n<\/tr>\n<tr>\n<td align=\"left\">6.<\/td>\n<td align=\"left\">\u201eDevelopment of a therapy: Physiotherapeutic procedure before breast reconstruction&#8221;<\/td>\n<td align=\"left\">Marta Liszka<\/td>\n<td align=\"left\">Rehabilitation Unit<\/td>\n<td align=\"left\">Own research<\/td>\n<\/tr>\n<tr>\n<td align=\"left\">7.<\/td>\n<td align=\"left\">\u201eMetabolic disorders in breast cancer cells in the population of postmenopausal women \u2013 pilot study&#8221;<\/td>\n<td align=\"left\">\u0141ukasz Kwinta<\/td>\n<td align=\"left\">Chemotherapy Department<\/td>\n<td align=\"left\">Own research<\/td>\n<\/tr>\n<tr>\n<td align=\"left\">8.<\/td>\n<td align=\"left\">\u201eUse of induced pluripotent stem (IPS) cells in the regeneration of joint cartilage&#8221;<\/td>\n<td align=\"left\">Wiktoria Suchorska, MD<\/td>\n<td align=\"left\">Radiobiology Laboratory<\/td>\n<td align=\"left\">Sonata Bis<br \/>\nUMO-2012\/07\/E\/NZ3\/0181921.08.2013-20.08.2018<\/td>\n<\/tr>\n<tr>\n<td align=\"left\">9.<\/td>\n<td align=\"left\">\u201eComparative analysis of DNA double-strand breaks resulting from indirect and scattered ionizing radiation in vitro&#8221;<\/td>\n<td align=\"left\">Karolina Zaleska<\/td>\n<td align=\"left\">Radiobiology Laboratory<\/td>\n<td align=\"left\">Own research<\/td>\n<\/tr>\n<tr>\n<td align=\"left\">10.<\/td>\n<td align=\"left\">\u201eConsortium Agreement for the execution of the INTRA-DOSE project under the 2nd Applied Study Program Competition&#8221;<\/td>\n<td align=\"left\">NCBJ, UJP Hitec Systems Sp. Akcyjna, Jaros\u0142aw Ko\u0142cun, Greater Poland Cancer Centre<\/td>\n<td align=\"left\">Consortium members<\/td>\n<td align=\"left\">Consortium Agreement of 9 Oct. 2013<\/td>\n<\/tr>\n<tr>\n<td align=\"left\">11.<\/td>\n<td align=\"left\">\u201eAgreement regulating the relationship between sister institutions made between Center of Translational Chemistry, Biology and Medicine and The University of Texas MD Anderson Cancer Center&#8221;<\/td>\n<td align=\"left\"><\/td>\n<td align=\"left\">Consortium members<\/td>\n<td align=\"left\">Agreement of 3 May 2013<\/td>\n<\/tr>\n<tr>\n<td align=\"left\">12.<\/td>\n<td align=\"left\">\u201eMolecular mechanisms of pro-survival processes in breast cancer&#8221;<\/td>\n<td align=\"left\">International Institute of Molecular and Cell Biology in Warsaw, GPCC<\/td>\n<td align=\"left\">Maciej Wiznerowicz, MD<\/td>\n<td align=\"left\">Agreement No. UMO-2012\/06\/A\/NZ1\/00089<\/td>\n<\/tr>\n<\/tbody>\n<\/table>\n<p>&nbsp;<\/p>\n<h2>2012<\/h2>\n<table cellspacing=\"0\" cellpadding=\"2\">\n<tbody>\n<tr>\n<td align=\"left\"><strong>No.<\/strong><\/td>\n<td align=\"left\"><strong>Programme name<\/strong><\/td>\n<td align=\"left\"><strong>Investigator<\/strong><\/td>\n<td align=\"left\"><strong>Area<\/strong><\/td>\n<td align=\"left\"><strong>Financing<\/strong><\/td>\n<\/tr>\n<tr>\n<td align=\"left\">1.<\/td>\n<td align=\"left\">\u201eComparative analysis of image guidance in two institutions for prostate cancer patients\u201d<\/td>\n<td align=\"left\">Tomasz Piotrowski, MD<\/td>\n<td align=\"left\">Teleradiotherapy Planning Unit,<br \/>\nMedical Physics Department<\/td>\n<td align=\"left\">Own research<\/td>\n<\/tr>\n<tr>\n<td align=\"left\">2.<\/td>\n<td align=\"left\">\u201eCharacteristics of microorganisms from urine cultures and diagnosed by the PCR method\u201d<\/td>\n<td align=\"left\">Zefiryn Cybulski, MD<\/td>\n<td align=\"left\">Microbiology Laboratory<\/td>\n<td align=\"left\">Own research<\/td>\n<\/tr>\n<tr>\n<td align=\"left\">3.<\/td>\n<td align=\"left\">\u201eEffects of regular physical activity on selected blood parameters, and physical and mental performance of prostate cancer patients undergoing hormonal treatment\u201d<\/td>\n<td align=\"left\">Katarzyna Hojan, MD<\/td>\n<td align=\"left\">PRehabilitation Unit<\/td>\n<td align=\"left\">Own research<\/td>\n<\/tr>\n<tr>\n<td align=\"left\">4.<\/td>\n<td align=\"left\">\u201eComparative analysis between rehabilitation centres for cancer patients in oncology hospitals as exemplified by the Greater Poland Cancer Centre and MD \u201d<\/td>\n<td align=\"left\">Katarzyna Hojan, MD<\/td>\n<td align=\"left\">Rehabilitation Unit<\/td>\n<td align=\"left\">Own research<\/td>\n<\/tr>\n<tr>\n<td align=\"left\">5.<\/td>\n<td align=\"left\">\u201eAnalysis of miRNA expression kinetics in head and neck cancer cell lines subjected to ionizing radiation&#8221;<\/td>\n<td align=\"left\">Tomasz Kolenda<\/td>\n<td align=\"left\">Cancer Genetics Unit<\/td>\n<td align=\"left\">Own research<\/td>\n<\/tr>\n<tr>\n<td align=\"left\">6.<\/td>\n<td align=\"left\">\u201eAnalysis of the completeness and and consistence of radiotherapy patient registry based on the Eskulap and Aria databases and therapeutic machines registry&#8221;<\/td>\n<td align=\"left\">Katarzyna Paczkowska<\/td>\n<td align=\"left\">Interdisciplinary Teams Coordination Section<\/td>\n<td align=\"left\">Own research<\/td>\n<\/tr>\n<tr>\n<td align=\"left\">7.<\/td>\n<td align=\"left\">\u201eAssessment of the impact of solid decomposition products of imidapril hydrochloride on cancer initiation and promotion processes&#8221;<\/td>\n<td align=\"left\">Katarzyna Regulska<\/td>\n<td align=\"left\">Pharmacy<\/td>\n<td align=\"left\">Own research<\/td>\n<\/tr>\n<tr>\n<td align=\"left\">8.<\/td>\n<td align=\"left\">\u201eInfluence of let-7d and miR-18a overexpression on the radiosensitivity of hypopharynx squamous cell carcinoma&#8221;<\/td>\n<td align=\"left\">Anna Teresiak-Ma\u0144czak, MD<\/td>\n<td align=\"left\">Cancer Genetics Laboratory<\/td>\n<td align=\"left\">Own research<\/td>\n<\/tr>\n<\/tbody>\n<\/table>\n<p>&nbsp;<\/p>\n<h2>2011<\/h2>\n<table cellspacing=\"0\" cellpadding=\"2\">\n<tbody>\n<tr>\n<td align=\"left\"><strong>No.<\/strong><\/td>\n<td align=\"left\"><strong>Programme name<\/strong><\/td>\n<td align=\"left\"><strong>Investigator<\/strong><\/td>\n<td align=\"left\"><strong>Area<\/strong><\/td>\n<td align=\"left\"><strong>Financing<\/strong><\/td>\n<\/tr>\n<tr>\n<td align=\"left\">1.<\/td>\n<td align=\"left\">\u201eDoses and biological response in the thyroid, lungs, testicles and bladder during radiation therapy for laryngeal cancer and prostate cancer using the static field, IMRT and tomotherapy techniques\u201d<\/td>\n<td align=\"left\">J. Malicki, Prof.<\/td>\n<td align=\"left\">Electroradiology Unit<\/td>\n<td align=\"left\">\n<p>UMO-2011\/01\/B\/NZ4\/03736<\/p>\n<p>16.12.2011-15.12.2014<\/td>\n<\/tr>\n<tr>\n<td align=\"left\">2.<\/td>\n<td align=\"left\">\u201eRandomized multicentre trial comparing hyperfractionated radiotherapy used as boost to a conventional radiotherapy in prostate cancer with a high risk of progression\u201d<\/td>\n<td align=\"left\">Piotr Milecki, MD<\/td>\n<td align=\"left\">Radiation Oncology Department I<\/td>\n<td align=\"left\">Own research<\/td>\n<\/tr>\n<tr>\n<td align=\"left\">3.<\/td>\n<td align=\"left\">\u201eChecking the similarity between calculated and measured dose distributions in a proton beam as part of the comparison between calculated and measured dose distributions in a proton beam modified by wax boluses for selected clinical cases\u201d<\/td>\n<td align=\"left\">Dorota Maria J\u0119drzejczak<\/td>\n<td align=\"left\">Nuclear Medicine Unit<\/td>\n<td align=\"left\">Own research<\/td>\n<\/tr>\n<tr>\n<td align=\"left\">4.<\/td>\n<td align=\"left\">\u201eImpact of MIRNA expression on cellular radiosensitivity of tongue cancer and oral DNA\u201d<\/td>\n<td align=\"left\">Katarzyna Lamperska, MD<\/td>\n<td align=\"left\">Cancer Diagnosis and Immunology Unit<\/td>\n<td align=\"left\">Own research<\/td>\n<\/tr>\n<tr>\n<td align=\"left\">5.<\/td>\n<td align=\"left\">\u201eEvaluation of the occurrence and clinical relevance of of micrometastases and isolated cancer cells within the lymphatic system in patients with gastric cancer\u201d<\/td>\n<td align=\"left\">Arkadiusz Spycha\u0142a<\/td>\n<td align=\"left\">Oncological and General Surgery Department<\/td>\n<td align=\"left\">Own research<\/td>\n<\/tr>\n<tr>\n<td align=\"left\">6.<\/td>\n<td align=\"left\">\u201eImpact of the development of science and technology on radiological protection regulations concerning doses and exposure to doses by medical personnel in radiotherapy\u201d<\/td>\n<td align=\"left\">Patrycja Mantaj<\/td>\n<td align=\"left\">Radiological Protection Inspector<\/td>\n<td align=\"left\">Own research<\/td>\n<\/tr>\n<tr>\n<td align=\"left\">7.<\/td>\n<td align=\"left\">\u201eStudy of the intensity of anxiety in cancer patients exposed to music during radiotherapy&#8221;<\/td>\n<td align=\"left\">Ma\u0142gorzata Sta\u0144czyk, MD<\/td>\n<td align=\"left\">Clinical Psychology Unit<\/td>\n<td align=\"left\">Own research<\/td>\n<\/tr>\n<tr>\n<td align=\"left\">8.<\/td>\n<td align=\"left\">\u201eEffect of radiotherapy on free radicals and paramagnetic centres in peripheral blood of cancer patients\u201d<\/td>\n<td align=\"left\">Joanna Ka\u017amierska, MD<\/td>\n<td align=\"left\">Radiotherapy Unit II<\/td>\n<td align=\"left\">Own research<\/td>\n<\/tr>\n<tr>\n<td align=\"left\">9.<\/td>\n<td align=\"left\">\u201eOcena ekspresji ALDH1, CD44 i CD133 w kom\u00f3rkach raka gruczo\u0142u krokowego w celu identyfikacji rakowych kom\u00f3rek macierzystych\u201d<\/td>\n<td align=\"left\">Lek. med. Konstanty Korski<\/td>\n<td align=\"left\">Zak\u0142ad Patologii Nowotwor\u00f3w<\/td>\n<td align=\"left\">Own research<\/td>\n<\/tr>\n<tr>\n<td align=\"left\">10.<\/td>\n<td align=\"left\">\u201eOcena indywidualnej wra\u017cliwo\u015bci na cytostatyki kom\u00f3rek nowotworowych g\u0142owy, szyi i jelita grubego w warunkach hodowli kom\u00f3rek\u201d<\/td>\n<td align=\"left\">Dr n. med. Aldona Kaczmarek<\/td>\n<td align=\"left\">Zak\u0142ad Diagnostyki i Immunologii Nowotwor\u00f3w<\/td>\n<td align=\"left\">Own research<\/td>\n<\/tr>\n<tr>\n<td align=\"left\">11.<\/td>\n<td align=\"left\">\u201eOcena zmian anatomicznych gruczo\u0142\u00f3w \u015blinowych przedstawionych na skanach MVCT i KVCT u pacjent\u00f3w z nowotworem g\u0142owy i szyi poddanych tomoterapii\u201d<\/td>\n<td align=\"left\">Mgr Weronika<br \/>\nJackowiak<\/td>\n<td align=\"left\">Zak\u0142ad Fizyki Medycznej<\/td>\n<td align=\"left\">Own research<\/td>\n<\/tr>\n<tr>\n<td align=\"left\">12.<\/td>\n<td align=\"left\">\u201eKompleksowa analiza onkogennych \u015bcie\u017cek przeka\u017anictwa sygna\u0142u w nowotworach piersi, \u017co\u0142\u0105dka, jelita grubego i odbytnicy w celu opracowania nowych metod diagnostyki i leczenia\u201d<\/td>\n<td align=\"left\">Dr n. med. Maciej Wiznerowicz<\/td>\n<td align=\"left\">Zak\u0142ad Diagnostyki i Immunologii Nowotwor\u00f3w<\/td>\n<td align=\"left\">Badania w\u0142asne<\/td>\n<\/tr>\n<tr>\n<td align=\"left\">13.<\/td>\n<td align=\"left\">\u201eOcena ekspresji ALDH1, CD44 i CD133 w kom\u00f3rkach raka gruczo\u0142u krokowego w celu identyfikacji rakowych kom\u00f3rek macierzystych&#8221;<\/td>\n<td align=\"left\">Prof dr hab. Jan Br\u0119borowicz<\/td>\n<td align=\"left\">Zak\u0142ad Patologii Nowotwor\u00f3w<\/td>\n<td align=\"left\">6884\/B\/P01\/2011\/40<br \/>\n13.06.2011-12.06.2013<\/td>\n<\/tr>\n<tr>\n<td align=\"left\">14.<\/td>\n<td align=\"left\">\u201eOcena wyst\u0119powania oraz znaczenia klinicznego mikroprzerzut\u00f3w i izolowanych kom\u00f3rek nowotworowych w obr\u0119bie uk\u0142adu ch\u0142onnego u pacjent\u00f3w z rakiem \u017co\u0142\u0105dka&#8221;<\/td>\n<td align=\"left\">lek med Arkadiusz Spycha\u0142a<\/td>\n<td align=\"left\">Oddzia\u0142 Chirurgii Onkologicznej i Og\u00f3lnej I<\/td>\n<td align=\"left\">UMO-2011\/01\/N\/NZ4\/01727<br \/>\n16.12.2011-15.12.2014<\/td>\n<\/tr>\n<tr>\n<td align=\"left\">15.<\/td>\n<td align=\"left\">\u201eRozw\u00f3j i zastosowanie wektor\u00f3w lentiwirusowych i regulowanego RNAi do analizy roli represorowych czynnik\u00f3w transkrypcyjnych i bia\u0142ka KAP1 w procesach przeprogramowania oraz samoodnowy i r\u00f3\u017cnicowania indukowalnych kom\u00f3rek pluripotencjalnych (iPS)&#8221;<\/td>\n<td align=\"left\">dr hab Maciej Wiznerowicz<\/td>\n<td align=\"left\">Pracownia Terapii Genowej<\/td>\n<td align=\"left\">6129\/B\/P01\/2011\/40<br \/>\n26.05.2011-25.05.2014<\/td>\n<\/tr>\n<\/tbody>\n<\/table>\n<p>&nbsp;<\/p>\n<h2>2010<\/h2>\n<table cellspacing=\"0\" cellpadding=\"2\">\n<tbody>\n<tr>\n<td align=\"left\"><strong>L.p. <\/strong><\/td>\n<td align=\"left\"><strong>Nazwa Programu <\/strong><\/td>\n<td align=\"left\"><strong>Badacz <\/strong><\/td>\n<td align=\"left\"><strong>Obszar <\/strong><\/td>\n<td align=\"left\"><strong>Finansowanie <\/strong><\/td>\n<\/tr>\n<tr>\n<td align=\"left\">1.<\/td>\n<td align=\"left\">\u201eWieloenergetyczna weryfikacja pomiarowa warto\u015bci k\u0105t\u00f3w klin\u00f3w dynamicznych z wykorzystaniem detektora wielokana\u0142owego\u201d<\/td>\n<td align=\"left\">Mgr Anna Kowalik<\/td>\n<td align=\"left\">Zak\u0142ad Fizyki Medycznej<\/td>\n<td align=\"left\">Badania w\u0142asne<\/td>\n<\/tr>\n<tr>\n<td align=\"left\">2.<\/td>\n<td align=\"left\">\u201eOcena wybranych wariant\u00f3w genetycznych zwi\u0105zanych ze zwi\u0119kszonym ryzykiem rozwoju raka jelita grubego dla pacjent\u00f3w ze sporadycznymi polipami jelita grubego\u201d<\/td>\n<td align=\"left\">Dr n. med. Witold Kycler<\/td>\n<td align=\"left\">II Oddzia\u0142 Chirurgii Onkologicznej<\/td>\n<td align=\"left\">Badania w\u0142asne<\/td>\n<\/tr>\n<tr>\n<td align=\"left\">3.<\/td>\n<td align=\"left\">\u201eOcena wp\u0142ywu sztucznej cytokiny Hyper IL-11 (H11) na proces megakariocytopoezy i tworzenia p\u0142ytek krwi \u201d<\/td>\n<td align=\"left\">Dr n. przyr. Hanna Dams- Koz\u0142owska<\/td>\n<td align=\"left\">Zak\u0142ad Diagnostyki i Immunologii Nowotwor\u00f3w<\/td>\n<td align=\"left\">Badania w\u0142asne<\/td>\n<\/tr>\n<tr>\n<td align=\"left\">4.<\/td>\n<td align=\"left\">\u201eOcena aktywacji monocyt\u00f3w krwi obwodowej i odsetka kom\u00f3rek NK u pacjentek z rakiem piersi w trakcie leczenia w celach rokowniczych\u201d<\/td>\n<td align=\"left\">Dr n. med. Aldona Kaczmarek<\/td>\n<td align=\"left\">Zak\u0142ad Diagnostyki i Immunologii Nowotwor\u00f3w<\/td>\n<td align=\"left\">Badania w\u0142asne<\/td>\n<\/tr>\n<tr>\n<td align=\"left\">5.<\/td>\n<td align=\"left\">\u201eDawki w tarczycy, p\u0142ucach, jadrach i p\u0119cherzu moczowym podczas radioterapii raka stercza technikami: p\u00f3l statycznych, IMRT i tomoterapii\u201d<\/td>\n<td align=\"left\">Mgr Anna Kowalik<br \/>\nMgr Weronika Jackowiak<\/td>\n<td align=\"left\">Zak\u0142ad Fizyki Medycznej<\/td>\n<td align=\"left\">Badania w\u0142asne<\/td>\n<\/tr>\n<tr>\n<td align=\"left\">6.<\/td>\n<td align=\"left\">\u201eOcena wo\u0142ywu zmian anatomicznych w obszarze g\u0142owy i szyi na rozk\u0142ady dawek podczas radioterapii przy u\u017cyciu systemu Hi-Art Tomotherapy&#8221;<\/td>\n<td align=\"left\">prof. Julian Malicki<\/td>\n<td align=\"left\">Zak\u0142ad Fizyki Medycznej<\/td>\n<td align=\"left\">Umowa nr 3521\/B\/P01\/2010\/38 16.03.2010-30.06.2014<\/td>\n<\/tr>\n<\/tbody>\n<\/table>\n<p>&nbsp;<\/p>\n<p>&nbsp;<\/p>\n","protected":false},"excerpt":{"rendered":"<p>Research activity of the Greater Poland Cancer Centre 2014 No. Programme name Investigator Area Financing 1 &#8220;Impact of fluid collected from the postoperative bed after intraoperative radiation (IORT) of breast&#8230;<\/p>\n","protected":false},"author":4,"featured_media":0,"parent":5354,"menu_order":4,"comment_status":"closed","ping_status":"closed","template":"","meta":{"_acf_changed":false,"footnotes":""},"class_list":["post-5620","page","type-page","status-publish","hentry"],"acf":[],"aioseo_notices":[],"_links":{"self":[{"href":"https:\/\/wco.pl\/en\/wp-json\/wp\/v2\/pages\/5620","targetHints":{"allow":["GET"]}}],"collection":[{"href":"https:\/\/wco.pl\/en\/wp-json\/wp\/v2\/pages"}],"about":[{"href":"https:\/\/wco.pl\/en\/wp-json\/wp\/v2\/types\/page"}],"author":[{"embeddable":true,"href":"https:\/\/wco.pl\/en\/wp-json\/wp\/v2\/users\/4"}],"replies":[{"embeddable":true,"href":"https:\/\/wco.pl\/en\/wp-json\/wp\/v2\/comments?post=5620"}],"version-history":[{"count":0,"href":"https:\/\/wco.pl\/en\/wp-json\/wp\/v2\/pages\/5620\/revisions"}],"up":[{"embeddable":true,"href":"https:\/\/wco.pl\/en\/wp-json\/wp\/v2\/pages\/5354"}],"wp:attachment":[{"href":"https:\/\/wco.pl\/en\/wp-json\/wp\/v2\/media?parent=5620"}],"curies":[{"name":"wp","href":"https:\/\/api.w.org\/{rel}","templated":true}]}}