{"id":5618,"date":"2017-11-14T11:15:38","date_gmt":"2017-11-14T10:15:38","guid":{"rendered":"http:\/\/wco.pl\/?page_id=5618"},"modified":"2020-11-02T14:42:14","modified_gmt":"2020-11-02T13:42:14","slug":"scientific-staff","status":"publish","type":"page","link":"https:\/\/wco.pl\/en\/about-us\/research-activity\/scientific-staff\/","title":{"rendered":"Scientific staff"},"content":{"rendered":"<a href='#rozprawy-doktorskie' target='_self'  class='dt-sc-button   small  ocean' >Doctoral dissertations<\/a><a href='#habilitacje' target='_self'  class='dt-sc-button   small  ocean' >Habilitation dissertations<\/a><a href='#profesury' target='_self'  class='dt-sc-button   small  ocean' >Professor<\/a><div class='dt-sc-hr-invisible-small  '><\/div>\n<p><a name=\"rozprawy-doktorskie\"><\/a><\/p>\n<h2 class=''>Doctoral dissertations<\/h2>\n<table border=\"1\" width=\"200\" cellspacing=\"1\" cellpadding=\"1\">\n<tbody>\n<tr>\n<th>surname, name<\/th>\n<th>year<\/th>\n<th>dissertation title<\/th>\n<th>advisor<\/th>\n<\/tr>\n<tr>\n<td>Adamczyk Beata<\/td>\n<td>2011<\/td>\n<td>Radioizotopowa metoda lokalizacji podejrzanych zmian gruczo\u0142u piersiowego z jednoczasow\u0105 biopsj\u0105 w\u0119z\u0142a wartowniczego (SNOLL)<\/td>\n<td>Murawa Pawe\u0142<\/td>\n<\/tr>\n<tr>\n<td>Adamska Krystyna<\/td>\n<td>1998<\/td>\n<td>Badania nad zawarto\u015bci\u0105 DNA i cyklem \u017cyciowym kom\u00f3rek raka p\u0142askonab\u0142onkowego jamy ustnej<\/td>\n<td>Warcho\u0142 Jerzy<\/td>\n<\/tr>\n<tr>\n<td>B\u0142aszak Beata<\/td>\n<td>2010<\/td>\n<td>Badania immunohistochemiczne (CD117, Ki-67) i histochemiczne w diagnostyce nowotwor\u00f3w ps\u00f3w<\/td>\n<td>Ja\u015bkowski J\u0119drzej Maria<\/td>\n<\/tr>\n<tr>\n<td>Bogusz-Czerniewicz Marta<\/td>\n<td>2007<\/td>\n<td>System Zarz\u0105dzania Jako\u015bci\u0105 i organizacja \u015bwiadcze\u0144 w radioterapii w wyniku implementacji dyrektyw UE oraz innych akt\u00f3w mi\u0119dzynarodowych do prawa polskiego na przyk\u0142adzie Wielkopolskiego Centrum Onkologii<\/td>\n<td>Malicki Julian<\/td>\n<\/tr>\n<tr>\n<td>Bratos Krystyna<\/td>\n<td>2001<\/td>\n<td>Analiza czynnik\u00f3w prognostycznych u chorych leczonych z powodu raka b\u0142ony \u015bluzowej trzonu macicy<\/td>\n<td>Markowska Janina<\/td>\n<\/tr>\n<tr>\n<td>Br\u0119borowicz Danuta<\/td>\n<td>1973<\/td>\n<td>Badania histologiczne, cytologiczne i immunologiczne gruczo\u0142u sutkowego kobiety w przebiegu ci\u0105zy i po\u0142ogu<\/td>\n<td>Gabryel Przemys\u0142aw<\/td>\n<\/tr>\n<tr>\n<td>Br\u0119borowicz Jan<\/td>\n<td>1970<\/td>\n<td>Badania histochemiczne i biochemiczne kory nadnerczy w przypadkach nag\u0142ych zgon\u00f3w<\/td>\n<td>Gabryel Przemys\u0142aw<\/td>\n<\/tr>\n<tr>\n<td>Brzezi\u0144ski Jacek<\/td>\n<td>2008<\/td>\n<td>Ocena w\u0142a\u015bciwo\u015bci mechanicznych i elektrycznych \u015bciany t\u0119tniaka aorty brzusznej<\/td>\n<td>Oszkinis Grzegorz<\/td>\n<\/tr>\n<tr>\n<td>Chiche\u0142 Adam<\/td>\n<td>2009<\/td>\n<td>Brachyterapia HDR raka gruczo\u0142u krokowego &#8211; analiza zale\u017cno\u015bci mi\u0119dzy czynnikami prognostycznymi a parametrami optymalizacyjnymi w obszarze leczonym i narz\u0105dach krytycznych<\/td>\n<td>Skowronek Janusz<\/td>\n<\/tr>\n<tr>\n<td>Cholewi\u0144ski Witold<\/td>\n<td>1999<\/td>\n<td>Przydatno\u015b\u0107 bada\u0144 radioizotopowych w onkologii dzieci\u0119cej<\/td>\n<td>Tarkowska Anna<\/td>\n<\/tr>\n<tr>\n<td>Cikowska-Wo\u017aniak Ewa<\/td>\n<td>1996<\/td>\n<td>Brachyterapia konwencjonalna i after loading w leczeniu pooperacyjnym raka b\u0142ony \u015bluzowej macicy<\/td>\n<td>Spaczy\u0144ski Marek<\/td>\n<\/tr>\n<tr>\n<td>Cybulski Zefiryn<\/td>\n<td>1980<\/td>\n<td>\u0179r\u00f3d\u0142a i drogi szerzenia si\u0119 zaka\u017ce\u0144 wewn\u0105trzspitalnych wywo\u0142anych przez bakterie oportunistyczne w jednym z oddzia\u0142\u00f3w chirurgicznych<\/td>\n<td>Pietkiewicz Krystyna<\/td>\n<\/tr>\n<tr>\n<td>Czabajski Janusz<\/td>\n<td>1983<\/td>\n<td><\/td>\n<td>Krzyka\u0142a Franciszek<\/td>\n<\/tr>\n<tr>\n<td>Dams-Koz\u0142owska Hanna<\/td>\n<td>2000<\/td>\n<td>Ocena aktywno\u015bci przeciwnowotworowej kompleksu interleukiny 11 oraz rozpuszczalnego receptora interleukiny 11 (IL-11\/sIL-11R)<\/td>\n<td>Mackiewicz Andrzej<\/td>\n<\/tr>\n<tr>\n<td>Dyzmann-Sroka Agnieszka<\/td>\n<td>2011<\/td>\n<td>Metody uzyskiwania i opracowywania wiarygodnych danych pozwalaj\u0105cych na ocen\u0119 skuteczno\u015bci leczenia chorych w Wielkopolskim Centrum Onkologii<\/td>\n<td>Roszak Andrzej<\/td>\n<\/tr>\n<tr>\n<td>Filas Violetta<\/td>\n<td>1997<\/td>\n<td>Badania immunohistochemiczne w nowotworach germinalnych j\u0105dra<\/td>\n<td>Br\u0119borowicz Jan<\/td>\n<\/tr>\n<tr>\n<td>Fundowicz Dorota<\/td>\n<td>1999<\/td>\n<td>Skuteczno\u015b\u0107 leczenia raka cz\u0119\u015bci nosowej gard\u0142a<\/td>\n<td>Kruk-Zagajewska Aleksandra<\/td>\n<\/tr>\n<tr>\n<td>Fundowicz Magdalena<\/td>\n<td>2008<\/td>\n<td>Radioterapia przedoperacyjna i uzupe\u0142niaj\u0105ca u chorych operowanych z powodu raka odbytnicy<\/td>\n<td>Szmeja Jacek<\/td>\n<\/tr>\n<tr>\n<td>Golusi\u0144ski Pawe\u0142<\/td>\n<td>2010<\/td>\n<td>Analiza wyst\u0119powania wirus\u00f3w HPV 16 i 18 oraz mutacji w genie TP53 w rakach p\u0142askonab\u0142onkowych g\u0142owy i szyi<\/td>\n<td>Mackiewicz Andrzej<\/td>\n<\/tr>\n<tr>\n<td>Golusi\u0144ski Wojciech<\/td>\n<td>1988<\/td>\n<td>Nadu\u017cywanie alkoholu u chorych na raka krtani<\/td>\n<td>Szmeja Zygmunt<\/td>\n<\/tr>\n<tr>\n<td>Hojan Katarzyna<\/td>\n<td>2011<\/td>\n<td>Wp\u0142yw aktywno\u015bci fizycznej na wytrzyma\u0142o\u015b\u0107 mechaniczn\u0105 ko\u015bci i budow\u0119 cia\u0142a oraz jako\u015b\u0107 \u017cycia kobiet z rakiem piersi, przed menopauz\u0105, leczonych hormonalnie<\/td>\n<td>Milecki Piotr<\/td>\n<\/tr>\n<tr>\n<td>Ibbs Matthew<\/td>\n<td>2007<\/td>\n<td>Macierze tkankowe w diagnostyce histopatologicznej<\/td>\n<td>Br\u0119borowicz Jan<\/td>\n<\/tr>\n<tr>\n<td>Jezierska Dorota<\/td>\n<td>2010<\/td>\n<td>Wybrane czynniki prognostyczne w wewn\u0105trzczaszkowych przezrutach raka p\u0142uca leczonych radiochirurgicznie<\/td>\n<td>Liebert W\u0142odzimierz<\/td>\n<\/tr>\n<tr>\n<td>Kaczmarek Aldona<\/td>\n<td>1998<\/td>\n<td>Por\u00f3wnanie wra\u017cliwo\u015bci na cytostatyki nowotwor\u00f3w in vivo oraz hodowanych kom\u00f3rek nowotworowych<\/td>\n<td>Zabel Maciej<\/td>\n<\/tr>\n<tr>\n<td>Kanikowski Marek<\/td>\n<td>2011<\/td>\n<td>Warto\u015bci dawek w gruczole krokowym i narzadach krytycznych w odmiennych schematach brachyterapii HDR<\/td>\n<td>Skowronek Janusz<\/td>\n<\/tr>\n<tr>\n<td>Karczewska-Dzionk Aldona<\/td>\n<td>1997<\/td>\n<td>Ocena ekspresji gen\u00f3w cytokin typu IL-6 w tkankach raka sutka<\/td>\n<td>Mackiewicz Andrzej<\/td>\n<\/tr>\n<tr>\n<td>Ka\u017amierska Joanna<\/td>\n<td>2008<\/td>\n<td>Zastosowanie Naiwnego Klasyfikatora Bayesowskiego do oceny ryzyka wznowy u chorych po radioterapii nowotwor\u00f3w m\u00f3zgu<\/td>\n<td>Malicki Julian<\/td>\n<\/tr>\n<tr>\n<td>Konstanty Ewelina<\/td>\n<td>2014<\/td>\n<td>Opracowanie i weryfikacja metody napromieniania ca\u0142ego cia\u0142a\/szpiku akceleratorem tomoterapii spiralnej<\/td>\n<td>Malicki Julian<\/td>\n<\/tr>\n<tr>\n<td>Kordylewska Magdalena<\/td>\n<td>1995<\/td>\n<td>Badanie ultrasonograficzne uk\u0142adu ch\u0142onnego szyi chorych na raka krtani<\/td>\n<td>Szmeja Zygmunt<\/td>\n<\/tr>\n<tr>\n<td>Korski Konstanty<\/td>\n<td>2013<\/td>\n<td>Ocena ekspresji ALDH1, CD44 i CD133 w kom\u00f3rkach raka gruczo\u0142u krokowego w celu identyfikacji rakowych kom\u00f3rek macierzystych<\/td>\n<td>Br\u0119borowicz Jan<\/td>\n<\/tr>\n<tr>\n<td>Kosicka Gra\u017cyna<\/td>\n<td>1997<\/td>\n<td>Rozk\u0142ady dawek fizycznej i biologicznej promieniowania jonizuj\u0105cego w leczeniu raka szyjki macicy<\/td>\n<td>Jaroszyk Feliks<\/td>\n<\/tr>\n<tr>\n<td>Kowalczyk Dariusz<\/td>\n<td>1997<\/td>\n<td>Ocena immunofenotypu i struktury molekularnej gen\u00f3w limfocyt\u00f3w T z receptorem antygenowym gamma (delta naciekaj\u0105cych guz \/TIL) w nowotworach z\u0142o\u015bliwych cz\u0142owieka<\/td>\n<td>Nowak Jerzy<\/td>\n<\/tr>\n<tr>\n<td>Kuczy\u0144ski Marek<\/td>\n<td>1995<\/td>\n<td>Wyniki leczenia chorych z rozpoznaniem carcinoma endometrii po operacji i terapii uzupe\u0142niaj\u0105cej<\/td>\n<td>Ramlau Cezary<\/td>\n<\/tr>\n<tr>\n<td>Kufel-Grabowska Joanna<\/td>\n<td>2015<\/td>\n<td>Powik\u0142ania kardiologiczne u pacjentek z niezaawasnowanym rakiem piersi po leczeniu uzupe\u0142niaj\u0105cym trastuzumebem<\/td>\n<td>Litwiniuk Maria<\/td>\n<\/tr>\n<tr>\n<td>Kurzawa Pawe\u0142<\/td>\n<td>2010<\/td>\n<td>Ocena immunohistochemiczna fenotypu gruczolakorak\u00f3w<\/td>\n<td>Br\u0119borowicz Jan<\/td>\n<\/tr>\n<tr>\n<td>Kwiatkowska Eliza<\/td>\n<td>2001<\/td>\n<td>Zmiany w genie przeciwnowotworowym BRCA2 w raku piersi u m\u0119\u017cczyzn<\/td>\n<td>Mackiewicz Andrzej<\/td>\n<\/tr>\n<tr>\n<td>Kycler Witold<\/td>\n<td>2002<\/td>\n<td>Wp\u0142yw wybranych cech patoklinicznych i immunochistochemicznych na czas prze\u017cycia chorych na czerniaka sk\u00f3ry<\/td>\n<td>Grodecka-Gazdecka Sylwia<\/td>\n<\/tr>\n<tr>\n<td>Lamperska Katarzyna<\/td>\n<td>1999<\/td>\n<td>Analiza mutacji w genie przeciwnowotworowych p53 &#8211; badania metodyczne<\/td>\n<td>Krzy\u017cosiak W\u0142odzimierz<\/td>\n<\/tr>\n<tr>\n<td>Leporowska Ewa<\/td>\n<td>2008<\/td>\n<td>Wybrane parametry laboratoryjne w monitorowaniu chorych immunizowanych genetycznie modyfikowan\u0105 szczepionk\u0105 przeciwczerniakow\u0105<\/td>\n<td>Mackiewicz Andrzej<\/td>\n<\/tr>\n<tr>\n<td>\u0141aciak Maria<\/td>\n<td>1992<\/td>\n<td>Sie\u0107 cytokin i ich receptor\u00f3w kontroluj\u0105cych zmiany profilu glikozylacji alfa-1-inhibitora proteaz in vitro<\/td>\n<td>Mackiewicz Andrzej<\/td>\n<\/tr>\n<tr>\n<td>\u0141aski Piotr<\/td>\n<td>2006<\/td>\n<td>Wyniki chirurgicznego leczenia przerzut\u00f3w do p\u0142uc nowotwor\u00f3w pochodzenia nab\u0142onkowego<\/td>\n<td>Dyszkiewicz Wojciech<\/td>\n<\/tr>\n<tr>\n<td>Mackiewicz Andrzej<\/td>\n<td>1981<\/td>\n<td>Heterogenno\u015b\u0107 alfa-fetoproteiny wytwarzanej przez narz\u0105dy p\u0142odowe i tkanki nowotworowe<\/td>\n<td>Br\u0119borowicz Jan<\/td>\n<\/tr>\n<tr>\n<td>Mackiewicz Jacek<\/td>\n<td>2007<\/td>\n<td>Ocena wynik\u00f3w badania klinicznego I\/II fazy genetycznej leczniczej szczepionki czerniakowej modyfikowanej genami Hyper-IL-6 i GM-CSF<\/td>\n<td>Br\u0119borowicz Jan<\/td>\n<\/tr>\n<tr>\n<td>Malicki Julian<\/td>\n<td>1992<\/td>\n<td>Model rozk\u0142ad\u00f3w dawek elektromagnetycznego promieniowania jonizuj\u0105cego w obiekcie biologicznym<\/td>\n<td>Jaroszyk Feliks<\/td>\n<\/tr>\n<tr>\n<td>Marsza\u0142ek Andrzej<\/td>\n<td>1996<\/td>\n<td>Ultrastruktura naczy\u0144 krwiono\u015bnych w rozwijaj\u0105cym si\u0119 p\u0142ucu szczura<\/td>\n<td>Biczysko Wies\u0142awa<\/td>\n<\/tr>\n<tr>\n<td>Marsza\u0142ek S\u0142awomir<\/td>\n<td>2003<\/td>\n<td>Ocena skuteczno\u015bci rehabilitacji ruchowej os\u00f3b po ca\u0142kowitym usuni\u0119ciu krtani<\/td>\n<td>Golusi\u0144ski Wojciech<\/td>\n<\/tr>\n<tr>\n<td>Matecka-Nowak Miros\u0142awa<\/td>\n<td>1993<\/td>\n<td>Ocena cz\u0119sto\u015bci wyst\u0119powania zaka\u017ce\u0144 HPV w stanach przedrakowych i rakach szyjki macicy<\/td>\n<td>Markowska Janina<\/td>\n<\/tr>\n<tr>\n<td>Mazurek Jerzy J\u00f3zef<\/td>\n<td>1994<\/td>\n<td>Lekarze anestezjolodzy i ich stosunek do wykonywanego zawodu (Pr\u00f3ba samooceny i oceny)<\/td>\n<td>Jurczyk Witold<\/td>\n<\/tr>\n<tr>\n<td>Milecki Piotr<\/td>\n<td>1996<\/td>\n<td>Wp\u0142yw przerw w trakcie uzupe\u0142niaj\u0105cej radioterapii u chorych po ca\u0142kowitym usuni\u0119ciu krtani z powodu raka<\/td>\n<td>Kruk-Zagajewska Aleksandra<\/td>\n<\/tr>\n<tr>\n<td>Mizera-Nyczak Ewa<\/td>\n<td>2000<\/td>\n<td>Ocena ekspresji cz\u0105stek adhezji w nowotworach uk\u0142adu oddechowego<\/td>\n<td>\u017beromski Jan<\/td>\n<\/tr>\n<tr>\n<td>Mumot Marta<\/td>\n<td>2008<\/td>\n<td>Opracowanie uproszczonej metody oblicze\u0144 i pomiar\u00f3w dawek w radioterapii protonowej 70-250 MeV oraz por\u00f3wnanie otrzymanych rozk\u0142ad\u00f3w dawek z rozk\u0142adami dla promieniowania fotonowego\/elektronowego (4-25 MV\/3-25 MeV), w wybranych przypadkach klinicznych<\/td>\n<td>Malicki Julian<\/td>\n<\/tr>\n<tr>\n<td>Murawa Dawid<\/td>\n<td>2004<\/td>\n<td>Odleg\u0142a ocena jako\u015bci \u017cycia chorych po ca\u0142kowitej resekcji \u017co\u0142\u0105dka z powodu raka z uwzgl\u0119dnieniem zmian morfologicznych okolicy zespolenia prze\u0142ykowo-jelitowego<\/td>\n<td>Oszkinis Grzegorz<\/td>\n<\/tr>\n<tr>\n<td>Murawa Pawe\u0142<\/td>\n<td>1977<\/td>\n<td>Badanie limfograficzne w rozpoznaniu przerzut\u00f3w w w\u0119z\u0142ach chlonnych pachwowych u chorych na raka gruczo\u0142\u00f3w piersiowych<\/td>\n<td>G\u00f3ral Roman<\/td>\n<\/tr>\n<tr>\n<td>Naro\u017cna Julitta<\/td>\n<td>1998<\/td>\n<td>Analiza genu ludzkiego hormonu wzrostu u chorych z niedoborem wzrostu<\/td>\n<td>Gembicki Maciej<\/td>\n<\/tr>\n<tr>\n<td>Niecewicz Romuald<\/td>\n<td>1994<\/td>\n<td>Ocena wynik\u00f3w leczenia raka szyjki macicy przy zastosowaniu brachyterapii konwencjonalnej 226 Ra i After &#8211; loading 137 Cs<\/td>\n<td>Spaczy\u0144ski Marek<\/td>\n<\/tr>\n<tr>\n<td>Nizio\u0142ek Aleksander<\/td>\n<td>2015<\/td>\n<td>Znaczenie kliniczne \u015br\u00f3doperacyjnego badania w\u0119z\u0142\u00f3w wartowniczych w raku gruczo\u0142u piersiowego i czerniaku sk\u00f3ry<\/td>\n<td>Murawa Pawe\u0142<\/td>\n<\/tr>\n<tr>\n<td>Nowaczyk Piotr<\/td>\n<td>2014<\/td>\n<td>Biopsja w\u0119z\u0142a wartowniczego w raku jelita grubego &#8211; wskazania i technika, czynniki warunkuj\u0105ce skuteczno\u015b\u0107, wp\u0142yw mikroprzerzut\u00f3w na prze\u017cycia odleg\u0142e<\/td>\n<td>Murawa Dawid<\/td>\n<\/tr>\n<tr>\n<td>Nowakowski B\u0142a\u017cej<\/td>\n<td>1998<\/td>\n<td>Analiza stosowanych metod operacyjnych w ginekologii podczas ostatniego 50-lecia w Pa\u0144stwowym Szpitalu Klinicznym nr 3 Akademii Medycznej im Karola Marcinkowskiego w Poznaniu<\/td>\n<td>S\u0142omko Zbigniew<\/td>\n<\/tr>\n<tr>\n<td>Nowakowski Wojciech<\/td>\n<td>1998<\/td>\n<td>Ocena warto\u015bci ca\u0142kowitej resekcji \u017co\u0142\u0105dka z regionalnym uk\u0142adem ch\u0142onnym (do drugiego przedzia\u0142u w\u0142\u0105cznie) w leczeniu raka \u017co\u0142\u0105dka<\/td>\n<td>Murawa Pawe\u0142<\/td>\n<\/tr>\n<tr>\n<td>O&#8217;Shea-Otwiaska Agnieszka<\/td>\n<td>2004<\/td>\n<td>Radioterapia gruczolak\u00f3w przysadki, techniki radioterapii i wyniki odleg\u0142e<\/td>\n<td>Liebert W\u0142odzimierz<\/td>\n<\/tr>\n<tr>\n<td>Pawelska Anna<\/td>\n<td>2003<\/td>\n<td>Ocena warto\u015bci stereotaktycznej biopsji mammotomicznej w diagnostyce niepalpacyjnych zmian w gruczole piersiowym<\/td>\n<td>Murawa Pawe\u0142<\/td>\n<\/tr>\n<tr>\n<td>Pazdrowski Jakub<\/td>\n<td>2003<\/td>\n<td>Przydatno\u015b\u0107 \u015br\u00f3doperacyjnego badania ultrasonograficznego w nowotworach j\u0119zyka i migda\u0142ka podniebiennego<\/td>\n<td>Szmeja Zygmunt<\/td>\n<\/tr>\n<tr>\n<td>Perz Hanna<\/td>\n<td>2006<\/td>\n<td>Zesp\u00f3\u0142 przedniej resekcji po skojarzonym leczeniu raka odbytnicy &#8211; wyst\u0119powanie, zapobieganie, leczenie<\/td>\n<td>Drews Micha\u0142<\/td>\n<\/tr>\n<tr>\n<td>Pie\u0144kowski Piotr<\/td>\n<td>2014<\/td>\n<td>Wyniki \u015br\u00f3doperacyjnego monitorowania nerwu twarzowego w chirurgii \u015blinianki przyusznej<\/td>\n<td>Golusi\u0144ski Wojciech<\/td>\n<\/tr>\n<tr>\n<td>Piotrowski Tomasz<\/td>\n<td>2003<\/td>\n<td>Napromienianie ca\u0142ej sk\u00f3ry technik\u0105 rotacyjno-dualn\u0105 w leczeniu mycosis fungoides<\/td>\n<td>Malicki Julian<\/td>\n<\/tr>\n<tr>\n<td>Po\u0142om Karol<\/td>\n<td>2010<\/td>\n<td>Problem post\u0119powania klinicznego w przednowotworowych i przedinwazyjnych przewodowych oraz zrazikowych zmianach gruczo\u0142u piersiowego rozpoznanych w biopsji mammotomicznej<\/td>\n<td>Murawa Pawe\u0142<\/td>\n<\/tr>\n<tr>\n<td>Regulska Katarzyna<\/td>\n<td>2014<\/td>\n<td>Trwa\u0142o\u015b\u0107 chlorowodorku imidaprilu na tle innych inhibitor\u00f3w konwertazy angiotensyny oraz ocena wp\u0142ywu procesu jego degradacji na inicjacj\u0119 nowotworow\u0105<\/td>\n<td>Beata Stanisz<\/td>\n<\/tr>\n<tr>\n<td>Roszak Andrzej<\/td>\n<td>1991<\/td>\n<td>Ocena czynnik\u00f3w rokowniczych w raku endometrium<\/td>\n<td>Ramlau Cezary<\/td>\n<\/tr>\n<tr>\n<td>Skowronek Janusz<\/td>\n<td>1996<\/td>\n<td>Ocena zawarto\u015bci DNA w kom\u00f3rkach czerniaka z\u0142o\u015bliwego<\/td>\n<td>Br\u0119borowicz Jan<\/td>\n<\/tr>\n<tr>\n<td>Spycha\u0142a Arkadiusz<\/td>\n<td>2014<\/td>\n<td>Ocena poprawy diagnostyki i wynik\u00f3w leczenia chirurgicznego raka \u017co\u0142\u0105dka w okresie 25 lat<\/td>\n<td>Murawa Pawe\u0142<\/td>\n<\/tr>\n<tr>\n<td>Stamm Stefan<\/td>\n<td>1999<\/td>\n<td>Ocena analgezji pooperacyjnej po dootrzewnowym podaniu lidokainy w czasie usuni\u0119cia p\u0119cherzyka \u017c\u00f3\u0142ciowego metod\u0105 laparoskopow\u0105<\/td>\n<td>Gaca Micha\u0142<\/td>\n<\/tr>\n<tr>\n<td>Sta\u0144czyk Ma\u0142gorzata<\/td>\n<td>2007<\/td>\n<td>Wp\u0142yw muzykoterapii na jako\u015b\u0107 \u017cycia u chorych w zaawansowanym okresie choroby nowotworowej obj\u0119tych opiek\u0105 paliatywn\u0105<\/td>\n<td>\u0141uczak Jacek<\/td>\n<\/tr>\n<tr>\n<td>Stryczy\u0144ska Gra\u017cyna<\/td>\n<td>1993<\/td>\n<td>Analiza efektywno\u015bci telegamaterapii przy u\u017cyciu system\u00f3w komputerowych w przypadkach pierwotnych nowotwor\u00f3w m\u00f3zgu pochodzenia glejowego<\/td>\n<td>Rzymski Kazimierz<\/td>\n<\/tr>\n<tr>\n<td>Stryjski Artur<\/td>\n<td>2002<\/td>\n<td>Stan jamy ustnej chorych obj\u0119tych radioterapi\u0105 z uwzgl\u0119dnieniem bada\u0144 mikologicznych<\/td>\n<td>Borysewicz-Lewicka Maria<\/td>\n<\/tr>\n<tr>\n<td>Strzesak Erwin<\/td>\n<td>2006<\/td>\n<td>Metodyka ustalania standardowych koszt\u00f3w procedur medycznych<\/td>\n<td>Krzy\u017caniak Alicja<\/td>\n<\/tr>\n<tr>\n<td>Suchorska Wiktoria<\/td>\n<td>2008<\/td>\n<td>Badania przedkliniczne modyfikowanej genem Hyper-IL-11 terapeutycznej szczepionki nowotworowej w jasnokom\u00f3rkowym raku nerki<\/td>\n<td>Mackiewicz Andrzej<\/td>\n<\/tr>\n<tr>\n<td>Szewczyk Andrzej<\/td>\n<td>1990<\/td>\n<td>Korelacja obraz\u00f3w klinicznych i histologicznych stan\u00f3w przedrakowych i wczesnego raka pi\u0119tra \u015brodkowego krtani<\/td>\n<td>Szlezak<br \/>\nLudwik<\/td>\n<\/tr>\n<tr>\n<td>Szewierski Zbigniew<\/td>\n<td>1993<\/td>\n<td>Przydatno\u015b\u0107 oznacze\u0144 bia\u0142ka C-reaktywnego w monitorowaniu przebiegu nowotwor\u00f3w z\u0142o\u015bliwych jajnika<\/td>\n<td>Markowska Janina<\/td>\n<\/tr>\n<tr>\n<td>Szoszkiewicz Renata<\/td>\n<td>2006<\/td>\n<td>Retrospektywna analiza wybranych czynnik\u00f3w rokowniczych u pacjentek z rakiem piersi metod\u0105 zbior\u00f3w przybli\u017conych<\/td>\n<td>Krysi\u0144ski Jerzy<\/td>\n<\/tr>\n<tr>\n<td>Szpakowska Ma\u0142gorzata<\/td>\n<td>2010<\/td>\n<td>Skuteczno\u015b\u0107 rezonansu magnetycznego w wykrywaniu niezaawansowanego raka piersi u nosicielek mutacji w genie BRCA1<\/td>\n<td>Paprzycki W\u0142odzimierz<\/td>\n<\/tr>\n<tr>\n<td>\u015amigielska Mirella<\/td>\n<td>2011<\/td>\n<td>Wp\u0142yw finansowania \u015bwiadcze\u0144 medycznych w radioterapii na funkcjonowanie szpitala onkologicznego<\/td>\n<td>Malicki Julian<\/td>\n<\/tr>\n<tr>\n<td>Teresiak Marek<\/td>\n<td><\/td>\n<td><\/td>\n<td><\/td>\n<\/tr>\n<tr>\n<td>Teresiak-Ma\u0144czak Anna<\/td>\n<td>2010<\/td>\n<td>Opracowanie metody produkcji rekombinowanego bia\u0142ka sztucznej cytokiny Hyper-IL-11 oraz analiza jego aktywno\u015bci biologicznej<\/td>\n<td>Mackiewicz Andrzej<\/td>\n<\/tr>\n<tr>\n<td>Urba\u0144ski Bartosz<\/td>\n<td>2014<\/td>\n<td>Radioterapia \u015br\u00f3doperacyjna jako boost u chorych na raka piersi po oszcz\u0119dzaj\u0105cym zabiegu operacyjnym i uzupe\u0142niaj\u0105cej radioterapii<\/td>\n<td>Roszak Andrzej<\/td>\n<\/tr>\n<tr>\n<td>Ware\u0144czak-Florczak \u017baneta<\/td>\n<td>2013<\/td>\n<td>Wp\u0142yw czynnik\u00f3w prognostycznych na wyniki radiochemioterapii chorych na zaawansowanego raka szyjki macicy<\/td>\n<td>Roszak Andrzej<\/td>\n<\/tr>\n<tr>\n<td>Wasiewicz Janusz<\/td>\n<td>1997<\/td>\n<td>Ocena r\u00f3\u017cnych metod leczenia chirurgicznego raka \u015br\u00f3dpiersiowego odcinka prze\u0142yku<\/td>\n<td>Murawa Pawe\u0142<\/td>\n<\/tr>\n<tr>\n<td>Wegner Anna<\/td>\n<td>2006<\/td>\n<td>Ocena biologii raka gruczo\u0142owato-torbielowatego \u015blinianek na podstawie bada\u0144 morfologicznych i immunohistochemicznych<\/td>\n<td>Golusi\u0144ski Wojciech<\/td>\n<\/tr>\n<tr>\n<td>Wieloch Micha\u0142<\/td>\n<td>2003<\/td>\n<td>Analiza kliniczna du\u017cych guz\u00f3w podstawy czaszki w aspekcie neurochirurgicznym<\/td>\n<td>Nowak Stanis\u0142aw<\/td>\n<\/tr>\n<tr>\n<td>Wierzchos\u0142awska Ewa<\/td>\n<td>2002<\/td>\n<td>Warto\u015b\u0107 tomografii komputerowej w ocenie wznowy miejscowej raka odbytnicy<\/td>\n<td>Karwowski Andrzej<\/td>\n<\/tr>\n<tr>\n<td>Wiznerowicz Maciej<\/td>\n<td>1998<\/td>\n<td>Konstrukcja dwucistronowych wektor\u00f3w retrowirusowych dla cel\u00f3w terapii genowej<\/td>\n<td>Mackiewicz Andrzej<\/td>\n<\/tr>\n<tr>\n<td>Wojciechowska-\u0141\u0105cka Arleta<\/td>\n<td>2002<\/td>\n<td>Wyst\u0119powanie nowotwor\u00f3w u os\u00f3b spokrewnionych z chorymi na raka b\u0142ony \u015bluzowej trzonu macicy<\/td>\n<td>Markowska Janina<\/td>\n<\/tr>\n<tr>\n<td>Wysocki Piotr<\/td>\n<td>2000<\/td>\n<td>Synergistyczny efekt cytokin w mysim modelu terapii genowej czerniaka z\u0142o\u015bliwego<\/td>\n<td>Mackiewicz Andrzej<\/td>\n<\/tr>\n<tr>\n<td>Za\u0142uski Jerzy<\/td>\n<td>1987<\/td>\n<td>Zastosowanie termografii w monitorowaniu danych po operacji raka sutka<\/td>\n<td>Ramlau Cezary<\/td>\n<\/tr>\n<tr>\n<td>Zwierzchowski Grzegorz<\/td>\n<td>2006<\/td>\n<td>Optymalizacja oblicze\u0144 dawek i po\u0142o\u017ce\u0144 \u017ar\u00f3d\u0142a w brachyterapii promieniowaniem jonizuj\u0105cym Ir-192 restenoz naczy\u0144 obwodowych<\/td>\n<td>Malicki Julian<\/td>\n<\/tr>\n<tr>\n<td>\u017bmijewska-Tomczak Ma\u0142gorzata<\/td>\n<td>2011<\/td>\n<td>Czynniki wp\u0142ywaj\u0105ce na jako\u015b\u0107 \u017cycia chorych poddanych radioterapii z powodu raka g\u0142owy i szyi<\/td>\n<td>Milecki Piotr<\/td>\n<\/tr>\n<\/tbody>\n<\/table>\n<div class='dt-sc-hr-invisible-medium  '><\/div><a name=\"habilitacje\"><\/a><h2 class=''>Habilitation dissertations<\/h2>\n<table border=\"1\" width=\"200\" cellspacing=\"1\" cellpadding=\"1\">\n<tbody>\n<tr>\n<th>surname, name<\/th>\n<th>year<\/th>\n<th>dissertation title<\/th>\n<\/tr>\n<tr>\n<td>Br\u0119borowicz Jan<\/td>\n<td>1979<\/td>\n<td>Oznaczanie antygenu karcinoembrionalnego i alfafetoproteiny. 1. Opracowanie metod radioimmunologicznych. 2. Sprawdzenie metod w badaniach klinicznych<\/td>\n<\/tr>\n<tr>\n<td>Cholewi\u0144ski Witold<\/td>\n<td>2011<\/td>\n<td>Obrazowanie molekularne ch\u0142oniak\u00f3w przy pomocy radioizotopowych metod: 99mTc-NEOSPECT i 18F-FDG-PET<\/td>\n<\/tr>\n<tr>\n<td>Golusi\u0144ski Wojciech<\/td>\n<td>1999<\/td>\n<td>Kompleksowa analiza wybranych metod diagnostycznych w aspekcie ich przydatno\u015bci do oceny biologii kom\u00f3rek nowotworowych u chorych na raka krtani<\/td>\n<\/tr>\n<tr>\n<td>Kowalczyk Dariusz<\/td>\n<td>2003<\/td>\n<td>Analiza wybranych mechanizm\u00f3w efektorowych w modelu odrzucania kom\u00f3rek nowotworowych<\/td>\n<\/tr>\n<tr>\n<td>Litwiniuk Maria<\/td>\n<td>2008<\/td>\n<td>Receptory estrogenowe beta w raku piersi<\/td>\n<\/tr>\n<tr>\n<td>Mackiewicz Andrzej<\/td>\n<td>1990<\/td>\n<td>Badanie mechanizm\u00f3w reguluj\u0105cych glikozylacj\u0119 bia\u0142ek ostrej fazy<\/td>\n<\/tr>\n<tr>\n<td>Malicki Julian<\/td>\n<td>1999<\/td>\n<td>Rozk\u0142ady dawek i ich frakcjonowanie w metodzie napromieniania ca\u0142ego cia\u0142a przed transplantacj\u0105 szpiku kostnego<\/td>\n<\/tr>\n<tr>\n<td>Marsza\u0142ek Andrzej<\/td>\n<td>2005<\/td>\n<td>Odwracalne i nieodwracalne skutki podania egozogennego surfaktantu<\/td>\n<\/tr>\n<tr>\n<td>Milecki Piotr<\/td>\n<td>2008<\/td>\n<td>Rola radioterapii konformalnej w skojarzonym leczeniu raka stercza w grupie chorych o wysokim ryzyku progresji<\/td>\n<\/tr>\n<tr>\n<td>Murawa Dawid<\/td>\n<td>2012<\/td>\n<td>Chirurgiczne leczenie oszcz\u0119dzaj\u0105ce w raku gruczo\u0142u piersiowego w po\u0142\u0105czeniu ze \u015br\u00f3doperacyjn\u0105 radioterapi\u0105 &#8211; nowe wyzwanie dla chirurgii<\/td>\n<\/tr>\n<tr>\n<td>Murawa Pawe\u0142<\/td>\n<td>1995<\/td>\n<td>Ocena warto\u015bci r\u00f3\u017cnych metod operacyjnego po\u0142\u0105czenia jelita cienkiego z prze\u0142ykiem po ca\u0142kowitym wyci\u0119ciu \u017co\u0142\u0105dka z powodu raka<\/td>\n<\/tr>\n<tr>\n<td>Piotrowski Tomasz<\/td>\n<td>2015<\/td>\n<td>Wp\u0142yw ruchomo\u015bci mi\u0119dzyfrakcyjnej guza oraz tkanek zdrowych na warto\u015bci dawek deponowanych w trakcie radioterapii<\/td>\n<\/tr>\n<tr>\n<td>Roszak Andrzej<\/td>\n<td>2005<\/td>\n<td>Badania nad skuteczno\u015bci\u0105 radiochemioterapii chorych na zaawansowanego raka szyjki macicy<\/td>\n<\/tr>\n<tr>\n<td>Skowronek Janusz<\/td>\n<td>2006<\/td>\n<td>Por\u00f3wnanie skuteczno\u015bci oraz ryzyka powik\u0142a\u0144 brachyterapii pulsacyjnej (PDR) i brachyterapii z u\u017cyciem \u017ar\u00f3de\u0142 o wysokiej mocy dawki promieniowania (HDR) z wykorzystaniem modelu dawek r\u00f3wnowa\u017cnych biologicznie<\/td>\n<\/tr>\n<tr>\n<td>Wiznerowicz Maciej<\/td>\n<td>2013<\/td>\n<td><\/td>\n<\/tr>\n<tr>\n<td>Wysocki Piotr<\/td>\n<td>2009<\/td>\n<td>Rozw\u00f3j terapeutycznej genetycznie modyfikowanej szczepionki kom\u00f3rkowej do leczenia raka nerki &#8211; badania przedkliniczne<\/td>\n<\/tr>\n<\/tbody>\n<\/table>\n<div class='dt-sc-hr-invisible-medium  '><\/div>\n<p><a name=\"profesury\"><\/a><\/p>\n<h2 class=''>Professors<\/h2>\n<ul class='dt-sc-fancy-list  ocean  rounded-cross'>\n<li>Mackiewicz Andrzej, 1994<\/li>\n<li>Malicki Julian, 2009<\/li>\n<li>Murawa Pawe\u0142, 2002<\/li>\n<li>Wysocki Piotr, 2012<\/li>\n<li>Marsza\u0142ek Andrzej, 2013<\/li>\n<li>Milecki Piotr, 2014<\/li>\n<li>Roszak Andrzej, 2015<\/li>\n<li>Skowronek Janusz, 2015<\/li>\n<li>Br\u0119borowicz Jan, 1990<\/li>\n<\/ul>\n<div class='dt-sc-hr-invisible-medium  '><\/div>\n","protected":false},"excerpt":{"rendered":"<p>surname, name year dissertation title advisor Adamczyk Beata 2011 Radioizotopowa metoda lokalizacji podejrzanych zmian gruczo\u0142u piersiowego z jednoczasow\u0105 biopsj\u0105 w\u0119z\u0142a wartowniczego (SNOLL) Murawa Pawe\u0142 Adamska Krystyna 1998 Badania nad zawarto\u015bci\u0105&#8230;<\/p>\n","protected":false},"author":4,"featured_media":0,"parent":5354,"menu_order":3,"comment_status":"closed","ping_status":"closed","template":"","meta":{"_acf_changed":false,"footnotes":""},"class_list":["post-5618","page","type-page","status-publish","hentry"],"acf":[],"aioseo_notices":[],"_links":{"self":[{"href":"https:\/\/wco.pl\/en\/wp-json\/wp\/v2\/pages\/5618","targetHints":{"allow":["GET"]}}],"collection":[{"href":"https:\/\/wco.pl\/en\/wp-json\/wp\/v2\/pages"}],"about":[{"href":"https:\/\/wco.pl\/en\/wp-json\/wp\/v2\/types\/page"}],"author":[{"embeddable":true,"href":"https:\/\/wco.pl\/en\/wp-json\/wp\/v2\/users\/4"}],"replies":[{"embeddable":true,"href":"https:\/\/wco.pl\/en\/wp-json\/wp\/v2\/comments?post=5618"}],"version-history":[{"count":0,"href":"https:\/\/wco.pl\/en\/wp-json\/wp\/v2\/pages\/5618\/revisions"}],"up":[{"embeddable":true,"href":"https:\/\/wco.pl\/en\/wp-json\/wp\/v2\/pages\/5354"}],"wp:attachment":[{"href":"https:\/\/wco.pl\/en\/wp-json\/wp\/v2\/media?parent=5618"}],"curies":[{"name":"wp","href":"https:\/\/api.w.org\/{rel}","templated":true}]}}